{"id":1237,"date":"2023-05-07T18:06:48","date_gmt":"2023-05-07T18:06:48","guid":{"rendered":"https:\/\/movewithme.ch\/?page_id=1237"},"modified":"2025-06-15T16:06:09","modified_gmt":"2025-06-15T16:06:09","slug":"creative-movement","status":"publish","type":"page","link":"https:\/\/movewithme.ch\/de\/classes\/creative-movement\/","title":{"rendered":"Pre Ballet (Vier- bis Sechsj\u00e4hrige ohne Begleitung)"},"content":{"rendered":"<figure class=\"wp-block-table\">\r\n<table  class=\" table table-hover\" >\r\n<tbody>\r\n<tr>\r\n<td><strong>Zeit:<\/strong><\/td>\r\n<td>Mittwochs 13:45 &#8211; 14:30<\/td>\r\n<\/tr>\r\n<tr>\r\n<td><strong>Ort:<\/strong><\/td>\r\n<td>Tanzstudio Formbar, Leimgrubenweg 9, Basel<\/td>\r\n<\/tr>\r\n<tr>\r\n<td><strong>Preis:<\/strong><\/td>\r\n<td>21 CHF pro Klasse &#8211; maximal 10 Kinder<\/td>\r\n<\/tr>\r\n<\/tbody>\r\n<\/table>\r\n<\/figure>\r\n\r\n<p>Dieser Kurs ist f\u00fcr Vier- bis Sechsj\u00e4hrige als eine Einf\u00fchrung in die Grundelemente von Ballet konzipiert. Durch spielerische Geschichten und Spiele werden die T\u00e4nzerinnen und T\u00e4nzer an die grundlegenden Konzepte von Ballet wie K\u00f6rperhaltung, K\u00f6rperausrichtung und motorische F\u00e4higkeiten herangef\u00fchrt. Sie erhalten zudem die Gelegenheit ihre Kreativit\u00e4t und Selbstentfaltung zu erkunden. Lieder und Verse auf Deutsch und Englisch sowie Geschichten erz\u00e4hlen sind ebenfalls strukturierende Elemente der Tanzstunde und bieten den Kindern zudem eine Umgebung, in der sie ihre sprachlichen F\u00e4higkeiten verbessern k\u00f6nnen.<\/p>\r\n<p>Der Kurs wird jeweils pro Quartal im Voraus bezahlt.<\/p>\r\n\r\n\r\n\r\n<p>Komm vorbei und besuche eine gratis Probestunde!<\/p>\r\n\r\n\r\n\r\n<p><a href=\"https:\/\/movewithme.ch\/de\/classes\/sign-up\/\">Hier geht es zur Anmeldung.<\/a><\/p>\r\n\r\n\r\n\r\n<h3 class=\"wp-block-heading\">Schuljahr 2025\/26<\/h3>\r\n\n<table id=\"tablepress-13\" class=\"tablepress tablepress-id-13 tbody-has-connected-cells\">\n<thead>\n<tr class=\"row-1\">\n\t<th class=\"column-1\">Quartal<\/th><td class=\"column-2\"><\/td>\n<\/tr>\n<\/thead>\n<tbody class=\"row-striping row-hover\">\n<tr class=\"row-2\">\n\t<td class=\"column-1\">11. August - 26. September<\/td><td class=\"column-2\">147 CHF<\/td>\n<\/tr>\n<tr class=\"row-3\">\n\t<td class=\"column-1\">13. Oktober - 19. Dezember<\/td><td class=\"column-2\">210 CHF<\/td>\n<\/tr>\n<tr class=\"row-4\">\n\t<td class=\"column-1\">5. Januar - 28. M\u00e4rz*<\/td><td class=\"column-2\">210 CHF<\/td>\n<\/tr>\n<tr class=\"row-5\">\n\t<td class=\"column-1\">3. April - 26. Juni**<\/td><td class=\"column-2\">231 CHF<\/td>\n<\/tr>\n<tr class=\"row-6\">\n\t<td colspan=\"2\" class=\"column-1\">*Keine Kurse vom 14. Februar bis 1. M\u00e4rz (Fasnachtsferien)<br>**Keine Kurse am 1. Mai (Tag der Arbeit)<\/td>\n<\/tr>\n<\/tbody>\n<\/table>\n<!-- #tablepress-13 from cache -->\r\n\r\n\r\n\r\n\r\n","protected":false},"excerpt":{"rendered":"<p>Zeit: Mittwochs 13:45 &#8211; 14:30 Ort: Tanzstudio Formbar, Leimgrubenweg 9, Basel Preis: 21 CHF pro Klasse &#8211; maximal 10 Kinder Dieser Kurs ist f\u00fcr Vier- bis Sechsj\u00e4hrige als eine Einf\u00fchrung in die Grundelemente von Ballet konzipiert. Durch spielerische Geschichten und Spiele werden die T\u00e4nzerinnen und T\u00e4nzer an die grundlegenden Konzepte von Ballet wie K\u00f6rperhaltung, K\u00f6rperausrichtung [&hellip;]<\/p>\n","protected":false},"author":3,"featured_media":0,"parent":14,"menu_order":0,"comment_status":"closed","ping_status":"closed","template":"","meta":{"footnotes":""},"class_list":["post-1237","page","type-page","status-publish","hentry"],"translation":{"provider":"WPGlobus","version":"3.0.1","language":"de","enabled_languages":["en","de"],"languages":{"en":{"title":true,"content":true,"excerpt":false},"de":{"title":true,"content":true,"excerpt":false}}},"yoast_head":"<!-- This site is optimized with the Yoast SEO plugin v26.6 - https:\/\/yoast.com\/wordpress\/plugins\/seo\/ -->\n<title>Pre Ballet (Vier- bis Sechsj\u00e4hrige ohne Begleitung)  &#8902; Move with me<\/title>\n<meta name=\"robots\" content=\"index, follow, max-snippet:-1, max-image-preview:large, max-video-preview:-1\" \/>\n<link rel=\"canonical\" href=\"https:\/\/movewithme.ch\/classes\/creative-movement\/\" \/>\n<meta property=\"og:locale\" content=\"de_DE\" \/>\n<meta property=\"og:type\" content=\"article\" \/>\n<meta property=\"og:title\" content=\"Pre Ballet (Vier- bis Sechsj\u00e4hrige ohne Begleitung)  &#8902; Move with me\" \/>\n<meta property=\"og:url\" content=\"https:\/\/movewithme.ch\/classes\/creative-movement\/\" \/>\n<meta property=\"og:site_name\" content=\"Move with me\" \/>\n<meta property=\"article:publisher\" content=\"https:\/\/www.facebook.com\/movewithmeBasel\/\" \/>\n<meta property=\"article:modified_time\" content=\"2025-06-15T16:06:09+00:00\" \/>\n<meta name=\"twitter:card\" content=\"summary_large_image\" \/>\n<meta name=\"twitter:label1\" content=\"Gesch\u00e4tzte Lesezeit\" \/>\n\t<meta name=\"twitter:data1\" content=\"2\u00a0Minuten\" \/>\n<script type=\"application\/ld+json\" class=\"yoast-schema-graph\">{\"@context\":\"https:\/\/schema.org\",\"@graph\":[{\"@type\":\"WebPage\",\"@id\":\"https:\/\/movewithme.ch\/classes\/creative-movement\/\",\"url\":\"https:\/\/movewithme.ch\/classes\/creative-movement\/\",\"name\":\"Pre Ballet (Vier- bis Sechsj\u00e4hrige ohne Begleitung) &#8902; Move with me\",\"isPartOf\":{\"@id\":\"https:\/\/movewithme.ch\/#website\"},\"datePublished\":\"2023-05-07T18:06:48+00:00\",\"dateModified\":\"2025-06-15T16:06:09+00:00\",\"breadcrumb\":{\"@id\":\"https:\/\/movewithme.ch\/classes\/creative-movement\/#breadcrumb\"},\"inLanguage\":\"de\",\"potentialAction\":[{\"@type\":\"ReadAction\",\"target\":[\"https:\/\/movewithme.ch\/classes\/creative-movement\/\"]}]},{\"@type\":\"BreadcrumbList\",\"@id\":\"https:\/\/movewithme.ch\/classes\/creative-movement\/#breadcrumb\",\"itemListElement\":[{\"@type\":\"ListItem\",\"position\":1,\"name\":\"Startseite\",\"item\":\"https:\/\/movewithme.ch\/\"},{\"@type\":\"ListItem\",\"position\":2,\"name\":\"Classes\",\"item\":\"https:\/\/movewithme.ch\/classes\/\"},{\"@type\":\"ListItem\",\"position\":3,\"name\":\"Pre Ballet (4-6 year olds un-parented)\"}]},{\"@type\":\"WebSite\",\"@id\":\"https:\/\/movewithme.ch\/#website\",\"url\":\"https:\/\/movewithme.ch\/\",\"name\":\"Move with me\",\"description\":\"\",\"potentialAction\":[{\"@type\":\"SearchAction\",\"target\":{\"@type\":\"EntryPoint\",\"urlTemplate\":\"https:\/\/movewithme.ch\/?s={search_term_string}\"},\"query-input\":{\"@type\":\"PropertyValueSpecification\",\"valueRequired\":true,\"valueName\":\"search_term_string\"}}],\"inLanguage\":\"de\"}]}<\/script>\n<!-- \/ Yoast SEO plugin. -->","yoast_head_json":{"title":"Pre Ballet (Vier- bis Sechsj\u00e4hrige ohne Begleitung)  &#8902; Move with me","robots":{"index":"index","follow":"follow","max-snippet":"max-snippet:-1","max-image-preview":"max-image-preview:large","max-video-preview":"max-video-preview:-1"},"canonical":"https:\/\/movewithme.ch\/classes\/creative-movement\/","og_locale":"de_DE","og_type":"article","og_title":"Pre Ballet (Vier- bis Sechsj\u00e4hrige ohne Begleitung)  &#8902; Move with me","og_url":"https:\/\/movewithme.ch\/classes\/creative-movement\/","og_site_name":"Move with me","article_publisher":"https:\/\/www.facebook.com\/movewithmeBasel\/","article_modified_time":"2025-06-15T16:06:09+00:00","twitter_card":"summary_large_image","twitter_misc":{"Gesch\u00e4tzte Lesezeit":"2\u00a0Minuten"},"schema":{"@context":"https:\/\/schema.org","@graph":[{"@type":"WebPage","@id":"https:\/\/movewithme.ch\/classes\/creative-movement\/","url":"https:\/\/movewithme.ch\/classes\/creative-movement\/","name":"Pre Ballet (Vier- bis Sechsj\u00e4hrige ohne Begleitung) &#8902; Move with me","isPartOf":{"@id":"https:\/\/movewithme.ch\/#website"},"datePublished":"2023-05-07T18:06:48+00:00","dateModified":"2025-06-15T16:06:09+00:00","breadcrumb":{"@id":"https:\/\/movewithme.ch\/classes\/creative-movement\/#breadcrumb"},"inLanguage":"de","potentialAction":[{"@type":"ReadAction","target":["https:\/\/movewithme.ch\/classes\/creative-movement\/"]}]},{"@type":"BreadcrumbList","@id":"https:\/\/movewithme.ch\/classes\/creative-movement\/#breadcrumb","itemListElement":[{"@type":"ListItem","position":1,"name":"Startseite","item":"https:\/\/movewithme.ch\/"},{"@type":"ListItem","position":2,"name":"Classes","item":"https:\/\/movewithme.ch\/classes\/"},{"@type":"ListItem","position":3,"name":"Pre Ballet (4-6 year olds un-parented)"}]},{"@type":"WebSite","@id":"https:\/\/movewithme.ch\/#website","url":"https:\/\/movewithme.ch\/","name":"Move with me","description":"","potentialAction":[{"@type":"SearchAction","target":{"@type":"EntryPoint","urlTemplate":"https:\/\/movewithme.ch\/?s={search_term_string}"},"query-input":{"@type":"PropertyValueSpecification","valueRequired":true,"valueName":"search_term_string"}}],"inLanguage":"de"}]}},"_links":{"self":[{"href":"https:\/\/movewithme.ch\/de\/wp-json\/wp\/v2\/pages\/1237","targetHints":{"allow":["GET"]}}],"collection":[{"href":"https:\/\/movewithme.ch\/de\/wp-json\/wp\/v2\/pages"}],"about":[{"href":"https:\/\/movewithme.ch\/de\/wp-json\/wp\/v2\/types\/page"}],"author":[{"embeddable":true,"href":"https:\/\/movewithme.ch\/de\/wp-json\/wp\/v2\/users\/3"}],"replies":[{"embeddable":true,"href":"https:\/\/movewithme.ch\/de\/wp-json\/wp\/v2\/comments?post=1237"}],"version-history":[{"count":11,"href":"https:\/\/movewithme.ch\/de\/wp-json\/wp\/v2\/pages\/1237\/revisions"}],"predecessor-version":[{"id":1547,"href":"https:\/\/movewithme.ch\/de\/wp-json\/wp\/v2\/pages\/1237\/revisions\/1547"}],"up":[{"embeddable":true,"href":"https:\/\/movewithme.ch\/de\/wp-json\/wp\/v2\/pages\/14"}],"wp:attachment":[{"href":"https:\/\/movewithme.ch\/de\/wp-json\/wp\/v2\/media?parent=1237"}],"curies":[{"name":"wp","href":"https:\/\/api.w.org\/{rel}","templated":true}]}}