{"id":14,"date":"2017-04-09T10:52:10","date_gmt":"2017-04-09T10:52:10","guid":{"rendered":"http:\/\/movewithme.ch\/?page_id=14"},"modified":"2023-05-21T17:34:34","modified_gmt":"2023-05-21T17:34:34","slug":"classes","status":"publish","type":"page","link":"https:\/\/movewithme.ch\/de\/classes\/","title":{"rendered":"Kurse"},"content":{"rendered":"<p>Aktuell biete ich zwei Kurse an:<\/p>\n<ul>\n<li>den zweisprachigen Kurs <a href=\"https:\/\/movewithme.ch\/de\/classes\/move-with-me\/\">Move with Me<\/a> f\u00fcr Zwei bis Vierj\u00e4hrige in Begleitung eines Erwachsenen<\/li>\n<li>den Kurs <a href=\"https:\/\/movewithme.ch\/de\/classes\/creative-movement-2\/\">Kreativer Tanz<\/a>, ebenfalls f\u00fcr Drei- bis F\u00fcnfj\u00e4hrige, allerdings kommen sie alleine in die Stunde.<\/li>\n<li>Die <a href=\"https:\/\/movewithme.ch\/de\/classes\/creative-movement\/\">Pre Ballet<\/a> Stunde ist f\u00fcr 4-6 J\u00e4hrige ohne Begleitung.<\/li>\n<\/ul>\n<p>Mehr Informationen \u00fcber die Kurse finden Sie, wenn Sie die Namen anklicken.<\/p>\n<h3><\/h3>\n<h3><\/h3>\n","protected":false},"excerpt":{"rendered":"<p>Aktuell biete ich zwei Kurse an: den zweisprachigen Kurs Move with Me f\u00fcr Zwei bis Vierj\u00e4hrige in Begleitung eines Erwachsenen den Kurs Kreativer Tanz, ebenfalls f\u00fcr Drei- bis F\u00fcnfj\u00e4hrige, allerdings kommen sie alleine in die Stunde. Die Pre Ballet Stunde ist f\u00fcr 4-6 J\u00e4hrige ohne Begleitung. Mehr Informationen \u00fcber die Kurse finden Sie, wenn Sie [&hellip;]<\/p>\n","protected":false},"author":1,"featured_media":0,"parent":0,"menu_order":0,"comment_status":"closed","ping_status":"closed","template":"","meta":{"footnotes":""},"class_list":["post-14","page","type-page","status-publish","hentry"],"translation":{"provider":"WPGlobus","version":"3.0.1","language":"de","enabled_languages":["en","de"],"languages":{"en":{"title":true,"content":true,"excerpt":false},"de":{"title":true,"content":true,"excerpt":false}}},"yoast_head":"<!-- This site is optimized with the Yoast SEO plugin v26.6 - https:\/\/yoast.com\/wordpress\/plugins\/seo\/ -->\n<title>Kurse &#8902; Move with me<\/title>\n<meta name=\"robots\" content=\"index, follow, max-snippet:-1, max-image-preview:large, max-video-preview:-1\" \/>\n<link rel=\"canonical\" href=\"https:\/\/movewithme.ch\/classes\/\" \/>\n<meta property=\"og:locale\" content=\"de_DE\" \/>\n<meta property=\"og:type\" content=\"article\" \/>\n<meta property=\"og:title\" content=\"Kurse &#8902; Move with me\" \/>\n<meta property=\"og:url\" content=\"https:\/\/movewithme.ch\/classes\/\" \/>\n<meta property=\"og:site_name\" content=\"Move with me\" \/>\n<meta property=\"article:publisher\" content=\"https:\/\/www.facebook.com\/movewithmeBasel\/\" \/>\n<meta property=\"article:modified_time\" content=\"2023-05-21T17:34:34+00:00\" \/>\n<meta name=\"twitter:card\" content=\"summary_large_image\" \/>\n<meta name=\"twitter:label1\" content=\"Gesch\u00e4tzte Lesezeit\" \/>\n\t<meta name=\"twitter:data1\" content=\"1\u00a0Minute\" \/>\n<script type=\"application\/ld+json\" class=\"yoast-schema-graph\">{\"@context\":\"https:\/\/schema.org\",\"@graph\":[{\"@type\":\"WebPage\",\"@id\":\"https:\/\/movewithme.ch\/classes\/\",\"url\":\"https:\/\/movewithme.ch\/classes\/\",\"name\":\"Kurse &#8902; Move with me\",\"isPartOf\":{\"@id\":\"https:\/\/movewithme.ch\/#website\"},\"datePublished\":\"2017-04-09T10:52:10+00:00\",\"dateModified\":\"2023-05-21T17:34:34+00:00\",\"breadcrumb\":{\"@id\":\"https:\/\/movewithme.ch\/classes\/#breadcrumb\"},\"inLanguage\":\"de\",\"potentialAction\":[{\"@type\":\"ReadAction\",\"target\":[\"https:\/\/movewithme.ch\/classes\/\"]}]},{\"@type\":\"BreadcrumbList\",\"@id\":\"https:\/\/movewithme.ch\/classes\/#breadcrumb\",\"itemListElement\":[{\"@type\":\"ListItem\",\"position\":1,\"name\":\"Startseite\",\"item\":\"https:\/\/movewithme.ch\/\"},{\"@type\":\"ListItem\",\"position\":2,\"name\":\"Classes\"}]},{\"@type\":\"WebSite\",\"@id\":\"https:\/\/movewithme.ch\/#website\",\"url\":\"https:\/\/movewithme.ch\/\",\"name\":\"Move with me\",\"description\":\"\",\"potentialAction\":[{\"@type\":\"SearchAction\",\"target\":{\"@type\":\"EntryPoint\",\"urlTemplate\":\"https:\/\/movewithme.ch\/?s={search_term_string}\"},\"query-input\":{\"@type\":\"PropertyValueSpecification\",\"valueRequired\":true,\"valueName\":\"search_term_string\"}}],\"inLanguage\":\"de\"}]}<\/script>\n<!-- \/ Yoast SEO plugin. -->","yoast_head_json":{"title":"Kurse &#8902; Move with me","robots":{"index":"index","follow":"follow","max-snippet":"max-snippet:-1","max-image-preview":"max-image-preview:large","max-video-preview":"max-video-preview:-1"},"canonical":"https:\/\/movewithme.ch\/classes\/","og_locale":"de_DE","og_type":"article","og_title":"Kurse &#8902; Move with me","og_url":"https:\/\/movewithme.ch\/classes\/","og_site_name":"Move with me","article_publisher":"https:\/\/www.facebook.com\/movewithmeBasel\/","article_modified_time":"2023-05-21T17:34:34+00:00","twitter_card":"summary_large_image","twitter_misc":{"Gesch\u00e4tzte Lesezeit":"1\u00a0Minute"},"schema":{"@context":"https:\/\/schema.org","@graph":[{"@type":"WebPage","@id":"https:\/\/movewithme.ch\/classes\/","url":"https:\/\/movewithme.ch\/classes\/","name":"Kurse &#8902; Move with me","isPartOf":{"@id":"https:\/\/movewithme.ch\/#website"},"datePublished":"2017-04-09T10:52:10+00:00","dateModified":"2023-05-21T17:34:34+00:00","breadcrumb":{"@id":"https:\/\/movewithme.ch\/classes\/#breadcrumb"},"inLanguage":"de","potentialAction":[{"@type":"ReadAction","target":["https:\/\/movewithme.ch\/classes\/"]}]},{"@type":"BreadcrumbList","@id":"https:\/\/movewithme.ch\/classes\/#breadcrumb","itemListElement":[{"@type":"ListItem","position":1,"name":"Startseite","item":"https:\/\/movewithme.ch\/"},{"@type":"ListItem","position":2,"name":"Classes"}]},{"@type":"WebSite","@id":"https:\/\/movewithme.ch\/#website","url":"https:\/\/movewithme.ch\/","name":"Move with me","description":"","potentialAction":[{"@type":"SearchAction","target":{"@type":"EntryPoint","urlTemplate":"https:\/\/movewithme.ch\/?s={search_term_string}"},"query-input":{"@type":"PropertyValueSpecification","valueRequired":true,"valueName":"search_term_string"}}],"inLanguage":"de"}]}},"_links":{"self":[{"href":"https:\/\/movewithme.ch\/de\/wp-json\/wp\/v2\/pages\/14","targetHints":{"allow":["GET"]}}],"collection":[{"href":"https:\/\/movewithme.ch\/de\/wp-json\/wp\/v2\/pages"}],"about":[{"href":"https:\/\/movewithme.ch\/de\/wp-json\/wp\/v2\/types\/page"}],"author":[{"embeddable":true,"href":"https:\/\/movewithme.ch\/de\/wp-json\/wp\/v2\/users\/1"}],"replies":[{"embeddable":true,"href":"https:\/\/movewithme.ch\/de\/wp-json\/wp\/v2\/comments?post=14"}],"version-history":[{"count":40,"href":"https:\/\/movewithme.ch\/de\/wp-json\/wp\/v2\/pages\/14\/revisions"}],"predecessor-version":[{"id":1385,"href":"https:\/\/movewithme.ch\/de\/wp-json\/wp\/v2\/pages\/14\/revisions\/1385"}],"wp:attachment":[{"href":"https:\/\/movewithme.ch\/de\/wp-json\/wp\/v2\/media?parent=14"}],"curies":[{"name":"wp","href":"https:\/\/api.w.org\/{rel}","templated":true}]}}