{"id":45,"date":"2017-04-09T19:23:40","date_gmt":"2017-04-09T19:23:40","guid":{"rendered":"http:\/\/movewithme.ch\/?page_id=45"},"modified":"2018-08-21T17:43:35","modified_gmt":"2018-08-21T17:43:35","slug":"about-me","status":"publish","type":"page","link":"https:\/\/movewithme.ch\/de\/about-me\/","title":{"rendered":"\u00dcber mich"},"content":{"rendered":"<p><img fetchpriority=\"high\" decoding=\"async\" class=\"wp-image-46 size-medium alignleft\" src=\"https:\/\/movewithme.ch\/wp-content\/uploads\/2017\/04\/FUJ7085-e1491765670731-200x300.jpg\" alt=\"\" width=\"200\" height=\"300\" srcset=\"https:\/\/movewithme.ch\/wp-content\/uploads\/2017\/04\/FUJ7085-e1491765670731-200x300.jpg 200w, https:\/\/movewithme.ch\/wp-content\/uploads\/2017\/04\/FUJ7085-e1491765670731-768x1152.jpg 768w, https:\/\/movewithme.ch\/wp-content\/uploads\/2017\/04\/FUJ7085-e1491765670731-683x1024.jpg 683w, https:\/\/movewithme.ch\/wp-content\/uploads\/2017\/04\/FUJ7085-e1491765670731-1200x1800.jpg 1200w\" sizes=\"(max-width: 200px) 100vw, 200px\" \/><\/p>\n<p>Mein Name ist Julie Arlt und ich tanze schon mein ganzes Leben lang. Meine erste Auff\u00fchrung war mit der Band meines Bruders f\u00fcr seine Kindergartenklasse. Er war f\u00fcnf Jahre alt und ich drei. Das war der Moment, in dem ich entdeckt habe, wie sehr ich das Tanzen und Auftreten liebe!<\/p>\n<p>Seit diesem ersten Auftritt habe ich Modern, Jazz und Ballet trainiert und schliesslich mit einem BA in Tanz, Theater und Mathematik abgeschlossen. Danach war ich in verschiedenen Dance Companies in Washington DC, San Francisco sowie Basel und habe auch Tanzkurse f\u00fcr Kinder erteilt.<\/p>\n<p>Nach meinem Umzug nach Basel habe ich an einer zweisprachigen Schule als Kindergartenlehrerin gearbeitet. Daneben unterrichtete ich Tanzklassen f\u00fcr Kinder und habe bei einigen Auff\u00fchrungen mitgetanzt. Im Juli 2017 habe ich meine Intellidance Ausbildung mit der Zertifizierung abgeschlossen. Dieses Programm fokussiert auf Tanzunterricht vom S\u00e4uglingsalter bis und mit F\u00fcnfj\u00e4hrigen. Die Kursteilnehmer lernen, durch Tanzen, Singen und Spielen das Bewegen sowie die sozialen, emotionalen und kognitiven F\u00e4higkeiten der jungen T\u00e4nzer\/innen zu verbessern. Das Intellidance Programm regt also die Kinder an, w\u00e4hrend es gleichzeitig ihre Bindung zu den Eltern st\u00e4rkt.<\/p>\n<p>Ich liebe es, meine F\u00e4higkeiten als Lehrerin mit meiner Liebe f\u00fcr Bewegung beim Tanzunterricht zu verbinden. Es macht mich gl\u00fccklich, wenn ich meine Leidenschaft f\u00fcr das Tanzen mit jungen Kindern teilen kann und sie so ihre eigene Leidenschaft und ihre Talente entdecken.<\/p>\n<p>Ich bin auch Mutter von zwei Kindern. Urspr\u00fcnglich komme ich aus Chicago, IL und liebe seit 2003 in Basel und Allschwil. Ich spreche englisch und deutsch.<\/p>\n<p>&nbsp;<\/p>\n","protected":false},"excerpt":{"rendered":"<p>Mein Name ist Julie Arlt und ich tanze schon mein ganzes Leben lang. Meine erste Auff\u00fchrung war mit der Band meines Bruders f\u00fcr seine Kindergartenklasse. Er war f\u00fcnf Jahre alt und ich drei. Das war der Moment, in dem ich entdeckt habe, wie sehr ich das Tanzen und Auftreten liebe! Seit diesem ersten Auftritt habe [&hellip;]<\/p>\n","protected":false},"author":1,"featured_media":0,"parent":0,"menu_order":0,"comment_status":"closed","ping_status":"closed","template":"","meta":{"footnotes":""},"class_list":["post-45","page","type-page","status-publish","hentry"],"translation":{"provider":"WPGlobus","version":"3.0.1","language":"de","enabled_languages":["en","de"],"languages":{"en":{"title":true,"content":true,"excerpt":false},"de":{"title":true,"content":true,"excerpt":false}}},"yoast_head":"<!-- This site is optimized with the Yoast SEO plugin v26.6 - https:\/\/yoast.com\/wordpress\/plugins\/seo\/ -->\n<title>\u00dcber mich &#8902; Move with me<\/title>\n<meta name=\"robots\" content=\"index, follow, max-snippet:-1, max-image-preview:large, max-video-preview:-1\" \/>\n<link rel=\"canonical\" href=\"https:\/\/movewithme.ch\/about-me\/\" \/>\n<meta property=\"og:locale\" content=\"de_DE\" \/>\n<meta property=\"og:type\" content=\"article\" \/>\n<meta property=\"og:title\" content=\"\u00dcber mich &#8902; Move with me\" \/>\n<meta property=\"og:url\" content=\"https:\/\/movewithme.ch\/about-me\/\" \/>\n<meta property=\"og:site_name\" content=\"Move with me\" \/>\n<meta property=\"article:publisher\" content=\"https:\/\/www.facebook.com\/movewithmeBasel\/\" \/>\n<meta property=\"article:modified_time\" content=\"2018-08-21T17:43:35+00:00\" \/>\n<meta property=\"og:image\" content=\"https:\/\/movewithme.ch\/wp-content\/uploads\/2017\/04\/FUJ7085-e1491765670731-200x300.jpg\" \/>\n<meta name=\"twitter:card\" content=\"summary_large_image\" \/>\n<meta name=\"twitter:label1\" content=\"Gesch\u00e4tzte Lesezeit\" \/>\n\t<meta name=\"twitter:data1\" content=\"3\u00a0Minuten\" \/>\n<script type=\"application\/ld+json\" class=\"yoast-schema-graph\">{\"@context\":\"https:\/\/schema.org\",\"@graph\":[{\"@type\":\"WebPage\",\"@id\":\"https:\/\/movewithme.ch\/about-me\/\",\"url\":\"https:\/\/movewithme.ch\/about-me\/\",\"name\":\"\u00dcber mich &#8902; Move with me\",\"isPartOf\":{\"@id\":\"https:\/\/movewithme.ch\/#website\"},\"primaryImageOfPage\":{\"@id\":\"https:\/\/movewithme.ch\/about-me\/#primaryimage\"},\"image\":{\"@id\":\"https:\/\/movewithme.ch\/about-me\/#primaryimage\"},\"thumbnailUrl\":\"https:\/\/movewithme.ch\/wp-content\/uploads\/2017\/04\/FUJ7085-e1491765670731-200x300.jpg\",\"datePublished\":\"2017-04-09T19:23:40+00:00\",\"dateModified\":\"2018-08-21T17:43:35+00:00\",\"breadcrumb\":{\"@id\":\"https:\/\/movewithme.ch\/about-me\/#breadcrumb\"},\"inLanguage\":\"de\",\"potentialAction\":[{\"@type\":\"ReadAction\",\"target\":[\"https:\/\/movewithme.ch\/about-me\/\"]}]},{\"@type\":\"ImageObject\",\"inLanguage\":\"de\",\"@id\":\"https:\/\/movewithme.ch\/about-me\/#primaryimage\",\"url\":\"https:\/\/movewithme.ch\/wp-content\/uploads\/2017\/04\/FUJ7085-e1491765670731-200x300.jpg\",\"contentUrl\":\"https:\/\/movewithme.ch\/wp-content\/uploads\/2017\/04\/FUJ7085-e1491765670731-200x300.jpg\"},{\"@type\":\"BreadcrumbList\",\"@id\":\"https:\/\/movewithme.ch\/about-me\/#breadcrumb\",\"itemListElement\":[{\"@type\":\"ListItem\",\"position\":1,\"name\":\"Startseite\",\"item\":\"https:\/\/movewithme.ch\/\"},{\"@type\":\"ListItem\",\"position\":2,\"name\":\"About me\"}]},{\"@type\":\"WebSite\",\"@id\":\"https:\/\/movewithme.ch\/#website\",\"url\":\"https:\/\/movewithme.ch\/\",\"name\":\"Move with me\",\"description\":\"\",\"potentialAction\":[{\"@type\":\"SearchAction\",\"target\":{\"@type\":\"EntryPoint\",\"urlTemplate\":\"https:\/\/movewithme.ch\/?s={search_term_string}\"},\"query-input\":{\"@type\":\"PropertyValueSpecification\",\"valueRequired\":true,\"valueName\":\"search_term_string\"}}],\"inLanguage\":\"de\"}]}<\/script>\n<!-- \/ Yoast SEO plugin. -->","yoast_head_json":{"title":"\u00dcber mich &#8902; Move with me","robots":{"index":"index","follow":"follow","max-snippet":"max-snippet:-1","max-image-preview":"max-image-preview:large","max-video-preview":"max-video-preview:-1"},"canonical":"https:\/\/movewithme.ch\/about-me\/","og_locale":"de_DE","og_type":"article","og_title":"\u00dcber mich &#8902; Move with me","og_url":"https:\/\/movewithme.ch\/about-me\/","og_site_name":"Move with me","article_publisher":"https:\/\/www.facebook.com\/movewithmeBasel\/","article_modified_time":"2018-08-21T17:43:35+00:00","og_image":[{"url":"https:\/\/movewithme.ch\/wp-content\/uploads\/2017\/04\/FUJ7085-e1491765670731-200x300.jpg","type":"","width":"","height":""}],"twitter_card":"summary_large_image","twitter_misc":{"Gesch\u00e4tzte Lesezeit":"3\u00a0Minuten"},"schema":{"@context":"https:\/\/schema.org","@graph":[{"@type":"WebPage","@id":"https:\/\/movewithme.ch\/about-me\/","url":"https:\/\/movewithme.ch\/about-me\/","name":"\u00dcber mich &#8902; Move with me","isPartOf":{"@id":"https:\/\/movewithme.ch\/#website"},"primaryImageOfPage":{"@id":"https:\/\/movewithme.ch\/about-me\/#primaryimage"},"image":{"@id":"https:\/\/movewithme.ch\/about-me\/#primaryimage"},"thumbnailUrl":"https:\/\/movewithme.ch\/wp-content\/uploads\/2017\/04\/FUJ7085-e1491765670731-200x300.jpg","datePublished":"2017-04-09T19:23:40+00:00","dateModified":"2018-08-21T17:43:35+00:00","breadcrumb":{"@id":"https:\/\/movewithme.ch\/about-me\/#breadcrumb"},"inLanguage":"de","potentialAction":[{"@type":"ReadAction","target":["https:\/\/movewithme.ch\/about-me\/"]}]},{"@type":"ImageObject","inLanguage":"de","@id":"https:\/\/movewithme.ch\/about-me\/#primaryimage","url":"https:\/\/movewithme.ch\/wp-content\/uploads\/2017\/04\/FUJ7085-e1491765670731-200x300.jpg","contentUrl":"https:\/\/movewithme.ch\/wp-content\/uploads\/2017\/04\/FUJ7085-e1491765670731-200x300.jpg"},{"@type":"BreadcrumbList","@id":"https:\/\/movewithme.ch\/about-me\/#breadcrumb","itemListElement":[{"@type":"ListItem","position":1,"name":"Startseite","item":"https:\/\/movewithme.ch\/"},{"@type":"ListItem","position":2,"name":"About me"}]},{"@type":"WebSite","@id":"https:\/\/movewithme.ch\/#website","url":"https:\/\/movewithme.ch\/","name":"Move with me","description":"","potentialAction":[{"@type":"SearchAction","target":{"@type":"EntryPoint","urlTemplate":"https:\/\/movewithme.ch\/?s={search_term_string}"},"query-input":{"@type":"PropertyValueSpecification","valueRequired":true,"valueName":"search_term_string"}}],"inLanguage":"de"}]}},"_links":{"self":[{"href":"https:\/\/movewithme.ch\/de\/wp-json\/wp\/v2\/pages\/45","targetHints":{"allow":["GET"]}}],"collection":[{"href":"https:\/\/movewithme.ch\/de\/wp-json\/wp\/v2\/pages"}],"about":[{"href":"https:\/\/movewithme.ch\/de\/wp-json\/wp\/v2\/types\/page"}],"author":[{"embeddable":true,"href":"https:\/\/movewithme.ch\/de\/wp-json\/wp\/v2\/users\/1"}],"replies":[{"embeddable":true,"href":"https:\/\/movewithme.ch\/de\/wp-json\/wp\/v2\/comments?post=45"}],"version-history":[{"count":16,"href":"https:\/\/movewithme.ch\/de\/wp-json\/wp\/v2\/pages\/45\/revisions"}],"predecessor-version":[{"id":1123,"href":"https:\/\/movewithme.ch\/de\/wp-json\/wp\/v2\/pages\/45\/revisions\/1123"}],"wp:attachment":[{"href":"https:\/\/movewithme.ch\/de\/wp-json\/wp\/v2\/media?parent=45"}],"curies":[{"name":"wp","href":"https:\/\/api.w.org\/{rel}","templated":true}]}}