{"id":79,"date":"2017-04-17T07:21:54","date_gmt":"2017-04-17T07:21:54","guid":{"rendered":"http:\/\/movewithme.ch\/?page_id=79"},"modified":"2025-06-15T16:08:54","modified_gmt":"2025-06-15T16:08:54","slug":"move-with-me","status":"publish","type":"page","link":"https:\/\/movewithme.ch\/de\/classes\/move-with-me\/","title":{"rendered":"Move with Me (Zwei- bis Vierj\u00e4hrige in Begleitung)"},"content":{"rendered":"\n<table id=\"tablepress-3\" class=\"tablepress tablepress-id-3\">\n<tbody class=\"row-striping row-hover\">\n<tr class=\"row-1\">\n\t<td class=\"column-1\"><strong>Zeit:<\/strong><\/td><td class=\"column-2\">Mittwoch, 15:45-16:30 Uhr<br>Freitag, 10:00-10:45 Uhr<br>Freitag, 11:00-11:45 Uhr<\/td>\n<\/tr>\n<tr class=\"row-2\">\n\t<td class=\"column-1\"><strong>Ort:<\/strong><\/td><td class=\"column-2\">Tanzstudio Formbar, Leimgrubenweg 9, Basel<\/td>\n<\/tr>\n<tr class=\"row-3\">\n\t<td class=\"column-1\"><strong>Preis:<\/strong><\/td><td class=\"column-2\">24 CHF pro Kurs, maximale Teilnehmerzahl von acht Betreuungsperson\/Kind Paaren<\/td>\n<\/tr>\n<\/tbody>\n<\/table>\n<!-- #tablepress-3 from cache -->\n<h3>Inhalt<\/h3>\n<p>Dieser Kurs bietet eine anregende Umgebung f\u00fcr Zwei- bis Vierj\u00e4hrige in Begleitung eines Elternteils oder eines anderen Erwachsenen. Zusammen geniessen Sie das Tanzen und Bewegen. Die Kinder entdecken und erforschen Bewegungskonzepte. Dabei gewinnen sie an Flexibilit\u00e4t, Koordination und verbessern ihr Gleichgewichtsgef\u00fchl. Zweisprachige Lieder, Verse und das Erz\u00e4hlen von Geschichten sind weitere wichtige Elemente des Kurses. So erlebt Ihr Kind ein Umfeld, in dem es auch seine sprachlichen F\u00e4higkeiten verbessern kann. Suchen Sie die Gelegenheit, mit Ihrem Kind Spass in einem kreativen Umfeld zu haben, mit ihm zu tanzen und zu spielen? Dann ist dies der richtige Kurs f\u00fcr Sie. Die Kurse werden pro Quartal im Voraus bezahlt.<\/p>\n<p>Kommen Sie doch zu einer gratis Schnupperstunde vorbei! <strong><a href=\"https:\/\/movewithme.ch\/de\/classes\/sign-up\/\">Hier gehts zur Anmeldung f\u00fcr das neue Schuljahr<\/a>.<\/strong><\/p>\n<h3>Beitr\u00e4ge pro Quartal Schuljahr 2025\/26<\/h3>\n\n<table id=\"tablepress-14\" class=\"tablepress tablepress-id-14 tbody-has-connected-cells\">\n<thead>\n<tr class=\"row-1\">\n\t<th class=\"column-1\">Quartal<\/th><td class=\"column-2\"><\/td>\n<\/tr>\n<\/thead>\n<tbody class=\"row-striping row-hover\">\n<tr class=\"row-2\">\n\t<td class=\"column-1\">11. August - 26. September<\/td><td class=\"column-2\">168 CHF<\/td>\n<\/tr>\n<tr class=\"row-3\">\n\t<td class=\"column-1\">13. Oktober - 19. Dezember<\/td><td class=\"column-2\">240 CHF<\/td>\n<\/tr>\n<tr class=\"row-4\">\n\t<td class=\"column-1\">5. Januar - 28. M\u00e4rz*<\/td><td class=\"column-2\">240 CHF<\/td>\n<\/tr>\n<tr class=\"row-5\">\n\t<td class=\"column-1\">3. April - 26. Juni**<\/td><td class=\"column-2\">264 CHF<\/td>\n<\/tr>\n<tr class=\"row-6\">\n\t<td colspan=\"2\" class=\"column-1\">*Keine Kurse vom 14. Februar bis 1. M\u00e4rz (Fasnachtsferien)<br>**Keine Kurse am 1. Mai (Tag der Arbeit)<\/td>\n<\/tr>\n<\/tbody>\n<\/table>\n<!-- #tablepress-14 from cache -->\n","protected":false},"excerpt":{"rendered":"<p>Inhalt Dieser Kurs bietet eine anregende Umgebung f\u00fcr Zwei- bis Vierj\u00e4hrige in Begleitung eines Elternteils oder eines anderen Erwachsenen. Zusammen geniessen Sie das Tanzen und Bewegen. Die Kinder entdecken und erforschen Bewegungskonzepte. Dabei gewinnen sie an Flexibilit\u00e4t, Koordination und verbessern ihr Gleichgewichtsgef\u00fchl. Zweisprachige Lieder, Verse und das Erz\u00e4hlen von Geschichten sind weitere wichtige Elemente des [&hellip;]<\/p>\n","protected":false},"author":1,"featured_media":0,"parent":14,"menu_order":0,"comment_status":"closed","ping_status":"closed","template":"","meta":{"footnotes":""},"class_list":["post-79","page","type-page","status-publish","hentry"],"translation":{"provider":"WPGlobus","version":"3.0.1","language":"de","enabled_languages":["en","de"],"languages":{"en":{"title":true,"content":true,"excerpt":false},"de":{"title":true,"content":true,"excerpt":false}}},"yoast_head":"<!-- This site is optimized with the Yoast SEO plugin v26.6 - https:\/\/yoast.com\/wordpress\/plugins\/seo\/ -->\n<title>Move with Me (Zwei- bis Vierj\u00e4hrige in Begleitung) &#8902; Move with me<\/title>\n<meta name=\"robots\" content=\"index, follow, max-snippet:-1, max-image-preview:large, max-video-preview:-1\" \/>\n<link rel=\"canonical\" href=\"https:\/\/movewithme.ch\/classes\/move-with-me\/\" \/>\n<meta property=\"og:locale\" content=\"de_DE\" \/>\n<meta property=\"og:type\" content=\"article\" \/>\n<meta property=\"og:title\" content=\"Move with Me (Zwei- bis Vierj\u00e4hrige in Begleitung) &#8902; Move with me\" \/>\n<meta property=\"og:url\" content=\"https:\/\/movewithme.ch\/classes\/move-with-me\/\" \/>\n<meta property=\"og:site_name\" content=\"Move with me\" \/>\n<meta property=\"article:publisher\" content=\"https:\/\/www.facebook.com\/movewithmeBasel\/\" \/>\n<meta property=\"article:modified_time\" content=\"2025-06-15T16:08:54+00:00\" \/>\n<meta name=\"twitter:card\" content=\"summary_large_image\" \/>\n<meta name=\"twitter:label1\" content=\"Gesch\u00e4tzte Lesezeit\" \/>\n\t<meta name=\"twitter:data1\" content=\"2\u00a0Minuten\" \/>\n<script type=\"application\/ld+json\" class=\"yoast-schema-graph\">{\"@context\":\"https:\/\/schema.org\",\"@graph\":[{\"@type\":\"WebPage\",\"@id\":\"https:\/\/movewithme.ch\/classes\/move-with-me\/\",\"url\":\"https:\/\/movewithme.ch\/classes\/move-with-me\/\",\"name\":\"Move with Me (Zwei- bis Vierj\u00e4hrige in Begleitung) &#8902; Move with me\",\"isPartOf\":{\"@id\":\"https:\/\/movewithme.ch\/#website\"},\"datePublished\":\"2017-04-17T07:21:54+00:00\",\"dateModified\":\"2025-06-15T16:08:54+00:00\",\"breadcrumb\":{\"@id\":\"https:\/\/movewithme.ch\/classes\/move-with-me\/#breadcrumb\"},\"inLanguage\":\"de\",\"potentialAction\":[{\"@type\":\"ReadAction\",\"target\":[\"https:\/\/movewithme.ch\/classes\/move-with-me\/\"]}]},{\"@type\":\"BreadcrumbList\",\"@id\":\"https:\/\/movewithme.ch\/classes\/move-with-me\/#breadcrumb\",\"itemListElement\":[{\"@type\":\"ListItem\",\"position\":1,\"name\":\"Startseite\",\"item\":\"https:\/\/movewithme.ch\/\"},{\"@type\":\"ListItem\",\"position\":2,\"name\":\"Classes\",\"item\":\"https:\/\/movewithme.ch\/classes\/\"},{\"@type\":\"ListItem\",\"position\":3,\"name\":\"Move With Me (2-4 year olds with a caregiver)\"}]},{\"@type\":\"WebSite\",\"@id\":\"https:\/\/movewithme.ch\/#website\",\"url\":\"https:\/\/movewithme.ch\/\",\"name\":\"Move with me\",\"description\":\"\",\"potentialAction\":[{\"@type\":\"SearchAction\",\"target\":{\"@type\":\"EntryPoint\",\"urlTemplate\":\"https:\/\/movewithme.ch\/?s={search_term_string}\"},\"query-input\":{\"@type\":\"PropertyValueSpecification\",\"valueRequired\":true,\"valueName\":\"search_term_string\"}}],\"inLanguage\":\"de\"}]}<\/script>\n<!-- \/ Yoast SEO plugin. -->","yoast_head_json":{"title":"Move with Me (Zwei- bis Vierj\u00e4hrige in Begleitung) &#8902; Move with me","robots":{"index":"index","follow":"follow","max-snippet":"max-snippet:-1","max-image-preview":"max-image-preview:large","max-video-preview":"max-video-preview:-1"},"canonical":"https:\/\/movewithme.ch\/classes\/move-with-me\/","og_locale":"de_DE","og_type":"article","og_title":"Move with Me (Zwei- bis Vierj\u00e4hrige in Begleitung) &#8902; Move with me","og_url":"https:\/\/movewithme.ch\/classes\/move-with-me\/","og_site_name":"Move with me","article_publisher":"https:\/\/www.facebook.com\/movewithmeBasel\/","article_modified_time":"2025-06-15T16:08:54+00:00","twitter_card":"summary_large_image","twitter_misc":{"Gesch\u00e4tzte Lesezeit":"2\u00a0Minuten"},"schema":{"@context":"https:\/\/schema.org","@graph":[{"@type":"WebPage","@id":"https:\/\/movewithme.ch\/classes\/move-with-me\/","url":"https:\/\/movewithme.ch\/classes\/move-with-me\/","name":"Move with Me (Zwei- bis Vierj\u00e4hrige in Begleitung) &#8902; Move with me","isPartOf":{"@id":"https:\/\/movewithme.ch\/#website"},"datePublished":"2017-04-17T07:21:54+00:00","dateModified":"2025-06-15T16:08:54+00:00","breadcrumb":{"@id":"https:\/\/movewithme.ch\/classes\/move-with-me\/#breadcrumb"},"inLanguage":"de","potentialAction":[{"@type":"ReadAction","target":["https:\/\/movewithme.ch\/classes\/move-with-me\/"]}]},{"@type":"BreadcrumbList","@id":"https:\/\/movewithme.ch\/classes\/move-with-me\/#breadcrumb","itemListElement":[{"@type":"ListItem","position":1,"name":"Startseite","item":"https:\/\/movewithme.ch\/"},{"@type":"ListItem","position":2,"name":"Classes","item":"https:\/\/movewithme.ch\/classes\/"},{"@type":"ListItem","position":3,"name":"Move With Me (2-4 year olds with a caregiver)"}]},{"@type":"WebSite","@id":"https:\/\/movewithme.ch\/#website","url":"https:\/\/movewithme.ch\/","name":"Move with me","description":"","potentialAction":[{"@type":"SearchAction","target":{"@type":"EntryPoint","urlTemplate":"https:\/\/movewithme.ch\/?s={search_term_string}"},"query-input":{"@type":"PropertyValueSpecification","valueRequired":true,"valueName":"search_term_string"}}],"inLanguage":"de"}]}},"_links":{"self":[{"href":"https:\/\/movewithme.ch\/de\/wp-json\/wp\/v2\/pages\/79","targetHints":{"allow":["GET"]}}],"collection":[{"href":"https:\/\/movewithme.ch\/de\/wp-json\/wp\/v2\/pages"}],"about":[{"href":"https:\/\/movewithme.ch\/de\/wp-json\/wp\/v2\/types\/page"}],"author":[{"embeddable":true,"href":"https:\/\/movewithme.ch\/de\/wp-json\/wp\/v2\/users\/1"}],"replies":[{"embeddable":true,"href":"https:\/\/movewithme.ch\/de\/wp-json\/wp\/v2\/comments?post=79"}],"version-history":[{"count":108,"href":"https:\/\/movewithme.ch\/de\/wp-json\/wp\/v2\/pages\/79\/revisions"}],"predecessor-version":[{"id":1549,"href":"https:\/\/movewithme.ch\/de\/wp-json\/wp\/v2\/pages\/79\/revisions\/1549"}],"up":[{"embeddable":true,"href":"https:\/\/movewithme.ch\/de\/wp-json\/wp\/v2\/pages\/14"}],"wp:attachment":[{"href":"https:\/\/movewithme.ch\/de\/wp-json\/wp\/v2\/media?parent=79"}],"curies":[{"name":"wp","href":"https:\/\/api.w.org\/{rel}","templated":true}]}}