{"id":85,"date":"2017-04-17T07:27:33","date_gmt":"2017-04-17T07:27:33","guid":{"rendered":"http:\/\/movewithme.ch\/?page_id=85"},"modified":"2024-01-01T15:34:26","modified_gmt":"2024-01-01T15:34:26","slug":"sign-up","status":"publish","type":"page","link":"https:\/\/movewithme.ch\/de\/classes\/sign-up\/","title":{"rendered":"Kursanmeldung"},"content":{"rendered":"<h3>Anmeldebedingungen<\/h3>\n<ul>\n<li>Die Anmeldung ist <strong>verbindlich<\/strong>.<\/li>\n<li>Der Kurs ist im <strong>Vorraus<\/strong> zu bezahlen.<\/li>\n<li><strong>W\u00e4hrend<\/strong> der <strong>Schulferien<\/strong> in Basel Stadt findet <strong>kein<\/strong> <strong>Unterricht<\/strong> statt.<\/li>\n<li><strong>K\u00fcndigungen<\/strong> m\u00fcssen schriftlich erfolgen und bis vier Wochen vor dem Quartalsende eintreffen. Wenn die K\u00fcndigung sp\u00e4ter eintrifft, ist das n\u00e4chste Quartal zur Zahlung noch f\u00e4llig.<\/li>\n<li><strong>Versicherung<\/strong> ist Sache der Teilnehmer. F\u00fcr Personen- und Sachsch\u00e4den wird keine Haftung \u00fcbernommen.<\/li>\n<li><strong>Fotos und Videos<\/strong> von Auftritten, Auff\u00fchrungen udn \u00f6ffentlichen Veranstaltungen des Tanzstudios Formbar d\u00fcrfen ohne Namensangabe zu Werbezwecken verwendet werden.<\/li>\n<li>Bei <strong>\u00dcberweisungen am Postschalter<\/strong> erh\u00f6ht sich der zu bezahlende Betrag wegen der anfallenden Geb\u00fchren pro Einzahlung um <strong>Fr. 5.&#8211;<\/strong>.<\/li>\n<\/ul>\n<p><iframe src=\"https:\/\/docs.google.com\/forms\/d\/e\/1FAIpQLSd-4DorS1iJyzY13gUkZ7ISuW1EdMwU2x4IblEstq7yDCa7QA\/viewform?embedded=true\" width=\"640\" height=\"1017\" frameborder=\"0\" marginheight=\"0\" marginwidth=\"0\">Wird geladen\u2026<\/iframe>\n<\/ul>\n","protected":false},"excerpt":{"rendered":"<p>Anmeldebedingungen Die Anmeldung ist verbindlich. Der Kurs ist im Vorraus zu bezahlen. W\u00e4hrend der Schulferien in Basel Stadt findet kein Unterricht statt. K\u00fcndigungen m\u00fcssen schriftlich erfolgen und bis vier Wochen vor dem Quartalsende eintreffen. Wenn die K\u00fcndigung sp\u00e4ter eintrifft, ist das n\u00e4chste Quartal zur Zahlung noch f\u00e4llig. Versicherung ist Sache der Teilnehmer. F\u00fcr Personen- und [&hellip;]<\/p>\n","protected":false},"author":1,"featured_media":0,"parent":14,"menu_order":0,"comment_status":"closed","ping_status":"closed","template":"","meta":{"footnotes":""},"class_list":["post-85","page","type-page","status-publish","hentry"],"translation":{"provider":"WPGlobus","version":"3.0.1","language":"de","enabled_languages":["en","de"],"languages":{"en":{"title":true,"content":true,"excerpt":false},"de":{"title":true,"content":true,"excerpt":false}}},"yoast_head":"<!-- This site is optimized with the Yoast SEO plugin v26.6 - https:\/\/yoast.com\/wordpress\/plugins\/seo\/ -->\n<title>Kursanmeldung &#8902; Move with me<\/title>\n<meta name=\"robots\" content=\"index, follow, max-snippet:-1, max-image-preview:large, max-video-preview:-1\" \/>\n<link rel=\"canonical\" href=\"https:\/\/movewithme.ch\/classes\/sign-up\/\" \/>\n<meta property=\"og:locale\" content=\"de_DE\" \/>\n<meta property=\"og:type\" content=\"article\" \/>\n<meta property=\"og:title\" content=\"Kursanmeldung &#8902; Move with me\" \/>\n<meta property=\"og:url\" content=\"https:\/\/movewithme.ch\/classes\/sign-up\/\" \/>\n<meta property=\"og:site_name\" content=\"Move with me\" \/>\n<meta property=\"article:publisher\" content=\"https:\/\/www.facebook.com\/movewithmeBasel\/\" \/>\n<meta property=\"article:modified_time\" content=\"2024-01-01T15:34:26+00:00\" \/>\n<meta name=\"twitter:card\" content=\"summary_large_image\" \/>\n<meta name=\"twitter:label1\" content=\"Gesch\u00e4tzte Lesezeit\" \/>\n\t<meta name=\"twitter:data1\" content=\"2\u00a0Minuten\" \/>\n<script type=\"application\/ld+json\" class=\"yoast-schema-graph\">{\"@context\":\"https:\/\/schema.org\",\"@graph\":[{\"@type\":\"WebPage\",\"@id\":\"https:\/\/movewithme.ch\/classes\/sign-up\/\",\"url\":\"https:\/\/movewithme.ch\/classes\/sign-up\/\",\"name\":\"Kursanmeldung &#8902; Move with me\",\"isPartOf\":{\"@id\":\"https:\/\/movewithme.ch\/#website\"},\"datePublished\":\"2017-04-17T07:27:33+00:00\",\"dateModified\":\"2024-01-01T15:34:26+00:00\",\"breadcrumb\":{\"@id\":\"https:\/\/movewithme.ch\/classes\/sign-up\/#breadcrumb\"},\"inLanguage\":\"de\",\"potentialAction\":[{\"@type\":\"ReadAction\",\"target\":[\"https:\/\/movewithme.ch\/classes\/sign-up\/\"]}]},{\"@type\":\"BreadcrumbList\",\"@id\":\"https:\/\/movewithme.ch\/classes\/sign-up\/#breadcrumb\",\"itemListElement\":[{\"@type\":\"ListItem\",\"position\":1,\"name\":\"Startseite\",\"item\":\"https:\/\/movewithme.ch\/\"},{\"@type\":\"ListItem\",\"position\":2,\"name\":\"Classes\",\"item\":\"https:\/\/movewithme.ch\/classes\/\"},{\"@type\":\"ListItem\",\"position\":3,\"name\":\"Sign up\"}]},{\"@type\":\"WebSite\",\"@id\":\"https:\/\/movewithme.ch\/#website\",\"url\":\"https:\/\/movewithme.ch\/\",\"name\":\"Move with me\",\"description\":\"\",\"potentialAction\":[{\"@type\":\"SearchAction\",\"target\":{\"@type\":\"EntryPoint\",\"urlTemplate\":\"https:\/\/movewithme.ch\/?s={search_term_string}\"},\"query-input\":{\"@type\":\"PropertyValueSpecification\",\"valueRequired\":true,\"valueName\":\"search_term_string\"}}],\"inLanguage\":\"de\"}]}<\/script>\n<!-- \/ Yoast SEO plugin. -->","yoast_head_json":{"title":"Kursanmeldung &#8902; Move with me","robots":{"index":"index","follow":"follow","max-snippet":"max-snippet:-1","max-image-preview":"max-image-preview:large","max-video-preview":"max-video-preview:-1"},"canonical":"https:\/\/movewithme.ch\/classes\/sign-up\/","og_locale":"de_DE","og_type":"article","og_title":"Kursanmeldung &#8902; Move with me","og_url":"https:\/\/movewithme.ch\/classes\/sign-up\/","og_site_name":"Move with me","article_publisher":"https:\/\/www.facebook.com\/movewithmeBasel\/","article_modified_time":"2024-01-01T15:34:26+00:00","twitter_card":"summary_large_image","twitter_misc":{"Gesch\u00e4tzte Lesezeit":"2\u00a0Minuten"},"schema":{"@context":"https:\/\/schema.org","@graph":[{"@type":"WebPage","@id":"https:\/\/movewithme.ch\/classes\/sign-up\/","url":"https:\/\/movewithme.ch\/classes\/sign-up\/","name":"Kursanmeldung &#8902; Move with me","isPartOf":{"@id":"https:\/\/movewithme.ch\/#website"},"datePublished":"2017-04-17T07:27:33+00:00","dateModified":"2024-01-01T15:34:26+00:00","breadcrumb":{"@id":"https:\/\/movewithme.ch\/classes\/sign-up\/#breadcrumb"},"inLanguage":"de","potentialAction":[{"@type":"ReadAction","target":["https:\/\/movewithme.ch\/classes\/sign-up\/"]}]},{"@type":"BreadcrumbList","@id":"https:\/\/movewithme.ch\/classes\/sign-up\/#breadcrumb","itemListElement":[{"@type":"ListItem","position":1,"name":"Startseite","item":"https:\/\/movewithme.ch\/"},{"@type":"ListItem","position":2,"name":"Classes","item":"https:\/\/movewithme.ch\/classes\/"},{"@type":"ListItem","position":3,"name":"Sign up"}]},{"@type":"WebSite","@id":"https:\/\/movewithme.ch\/#website","url":"https:\/\/movewithme.ch\/","name":"Move with me","description":"","potentialAction":[{"@type":"SearchAction","target":{"@type":"EntryPoint","urlTemplate":"https:\/\/movewithme.ch\/?s={search_term_string}"},"query-input":{"@type":"PropertyValueSpecification","valueRequired":true,"valueName":"search_term_string"}}],"inLanguage":"de"}]}},"_links":{"self":[{"href":"https:\/\/movewithme.ch\/de\/wp-json\/wp\/v2\/pages\/85","targetHints":{"allow":["GET"]}}],"collection":[{"href":"https:\/\/movewithme.ch\/de\/wp-json\/wp\/v2\/pages"}],"about":[{"href":"https:\/\/movewithme.ch\/de\/wp-json\/wp\/v2\/types\/page"}],"author":[{"embeddable":true,"href":"https:\/\/movewithme.ch\/de\/wp-json\/wp\/v2\/users\/1"}],"replies":[{"embeddable":true,"href":"https:\/\/movewithme.ch\/de\/wp-json\/wp\/v2\/comments?post=85"}],"version-history":[{"count":35,"href":"https:\/\/movewithme.ch\/de\/wp-json\/wp\/v2\/pages\/85\/revisions"}],"predecessor-version":[{"id":1487,"href":"https:\/\/movewithme.ch\/de\/wp-json\/wp\/v2\/pages\/85\/revisions\/1487"}],"up":[{"embeddable":true,"href":"https:\/\/movewithme.ch\/de\/wp-json\/wp\/v2\/pages\/14"}],"wp:attachment":[{"href":"https:\/\/movewithme.ch\/de\/wp-json\/wp\/v2\/media?parent=85"}],"curies":[{"name":"wp","href":"https:\/\/api.w.org\/{rel}","templated":true}]}}