{"id":88,"date":"2017-04-17T07:29:42","date_gmt":"2017-04-17T07:29:42","guid":{"rendered":"http:\/\/movewithme.ch\/?page_id=88"},"modified":"2025-06-15T16:01:06","modified_gmt":"2025-06-15T16:01:06","slug":"creative-movement-2","status":"publish","type":"page","link":"https:\/\/movewithme.ch\/de\/classes\/creative-movement-2\/","title":{"rendered":"Kreatives Tanzen (Drei- bis F\u00fcnfj\u00e4hrige ohne Begleitung)"},"content":{"rendered":"\r\n\n<table id=\"tablepress-6\" class=\"tablepress tablepress-id-6\">\n<tbody class=\"row-striping row-hover\">\n<tr class=\"row-1\">\n\t<td class=\"column-1\"><strong>Zeit:<\/strong><\/td><td class=\"column-2\">Mittwochs 14:45-15:30<br>Freitags 9:00-09:45<\/td>\n<\/tr>\n<tr class=\"row-2\">\n\t<td class=\"column-1\"><strong>Ort:<\/strong><\/td><td class=\"column-2\">Tanzstudio Formbar, Leimgrubenweg 9, Basel<\/td>\n<\/tr>\n<tr class=\"row-3\">\n\t<td class=\"column-1\"><strong>Preis:<\/strong><\/td><td class=\"column-2\">21 CHF\/Stunde - maximal 10 Kinder<\/td>\n<\/tr>\n<\/tbody>\n<\/table>\n<!-- #tablepress-6 from cache -->\r\n<p>Dieser Kurs erlaubt Drei- bis F\u00fcnfj\u00e4hrigen Tanzen und Bewegung in einem spielerischen Umfeld kennen zu lernen. Wir verwenden verschiedenstes Zubeh\u00f6r, Spiele und verschiedenste Musik. So lernen die Kinder grundlegende Bewegungskonzepte kennen und verbessern gleichzeitig ihre koordinativen F\u00e4higkeiten, ihren Gleichgewichtssinn und ihre Beweglichkeit.<\/p>\r\n\r\n\r\n\r\n<p>Deutsche und englische Lieder, Verse und Geschichten geben dem Tanzkurs zus\u00e4tzliche Struktur und bieten den Kindern ein Umfeld, in dem Sie auch ihre sprachlichen F\u00e4higkeiten verbessern k\u00f6nnen.<\/p>\r\n\r\n\r\n\r\n<p>Falls dein Kind gerne herumwirbelt und sich im Kreis dreht und bereit ist, alleine eine Tanzstunde zu besuchen, dann ist dies das richtige Angebot f\u00fcr es!<\/p>\r\n\r\n\r\n\r\n<p>Der Kurs wird jeweils pro Quartal im Voraus bezahlt.<\/p>\r\n\r\n\r\n\r\n<p>Komm vorbei und besuche eine gratis Probestunde!<\/p>\r\n\r\n\r\n\r\n<p><a href=\"https:\/\/movewithme.ch\/de\/classes\/sign-up\/\">Hier geht es zur Anmeldung.<\/a><\/p>\r\n\r\n\r\n\r\n<h3 class=\"wp-block-heading\">Schuljahr 2025\/26<\/h3>\r\n\r\n\r\n\r\n\n<table id=\"tablepress-13\" class=\"tablepress tablepress-id-13 tbody-has-connected-cells\">\n<thead>\n<tr class=\"row-1\">\n\t<th class=\"column-1\">Quartal<\/th><td class=\"column-2\"><\/td>\n<\/tr>\n<\/thead>\n<tbody class=\"row-striping row-hover\">\n<tr class=\"row-2\">\n\t<td class=\"column-1\">11. August - 26. September<\/td><td class=\"column-2\">147 CHF<\/td>\n<\/tr>\n<tr class=\"row-3\">\n\t<td class=\"column-1\">13. Oktober - 19. Dezember<\/td><td class=\"column-2\">210 CHF<\/td>\n<\/tr>\n<tr class=\"row-4\">\n\t<td class=\"column-1\">5. Januar - 28. M\u00e4rz*<\/td><td class=\"column-2\">210 CHF<\/td>\n<\/tr>\n<tr class=\"row-5\">\n\t<td class=\"column-1\">3. April - 26. Juni**<\/td><td class=\"column-2\">231 CHF<\/td>\n<\/tr>\n<tr class=\"row-6\">\n\t<td colspan=\"2\" class=\"column-1\">*Keine Kurse vom 14. Februar bis 1. M\u00e4rz (Fasnachtsferien)<br>**Keine Kurse am 1. Mai (Tag der Arbeit)<\/td>\n<\/tr>\n<\/tbody>\n<\/table>\n<!-- #tablepress-13 from cache -->\r\n","protected":false},"excerpt":{"rendered":"<p>Dieser Kurs erlaubt Drei- bis F\u00fcnfj\u00e4hrigen Tanzen und Bewegung in einem spielerischen Umfeld kennen zu lernen. Wir verwenden verschiedenstes Zubeh\u00f6r, Spiele und verschiedenste Musik. So lernen die Kinder grundlegende Bewegungskonzepte kennen und verbessern gleichzeitig ihre koordinativen F\u00e4higkeiten, ihren Gleichgewichtssinn und ihre Beweglichkeit. Deutsche und englische Lieder, Verse und Geschichten geben dem Tanzkurs zus\u00e4tzliche Struktur und [&hellip;]<\/p>\n","protected":false},"author":1,"featured_media":0,"parent":14,"menu_order":0,"comment_status":"closed","ping_status":"closed","template":"","meta":{"footnotes":""},"class_list":["post-88","page","type-page","status-publish","hentry"],"translation":{"provider":"WPGlobus","version":"3.0.1","language":"de","enabled_languages":["en","de"],"languages":{"en":{"title":true,"content":true,"excerpt":false},"de":{"title":true,"content":true,"excerpt":false}}},"yoast_head":"<!-- This site is optimized with the Yoast SEO plugin v26.6 - https:\/\/yoast.com\/wordpress\/plugins\/seo\/ -->\n<title>Kreatives Tanzen (Drei- bis F\u00fcnfj\u00e4hrige ohne Begleitung)  &#8902; Move with me<\/title>\n<meta name=\"robots\" content=\"index, follow, max-snippet:-1, max-image-preview:large, max-video-preview:-1\" \/>\n<link rel=\"canonical\" href=\"https:\/\/movewithme.ch\/classes\/creative-movement-2\/\" \/>\n<meta property=\"og:locale\" content=\"de_DE\" \/>\n<meta property=\"og:type\" content=\"article\" \/>\n<meta property=\"og:title\" content=\"Kreatives Tanzen (Drei- bis F\u00fcnfj\u00e4hrige ohne Begleitung)  &#8902; Move with me\" \/>\n<meta property=\"og:url\" content=\"https:\/\/movewithme.ch\/classes\/creative-movement-2\/\" \/>\n<meta property=\"og:site_name\" content=\"Move with me\" \/>\n<meta property=\"article:publisher\" content=\"https:\/\/www.facebook.com\/movewithmeBasel\/\" \/>\n<meta property=\"article:modified_time\" content=\"2025-06-15T16:01:06+00:00\" \/>\n<meta name=\"twitter:card\" content=\"summary_large_image\" \/>\n<meta name=\"twitter:label1\" content=\"Gesch\u00e4tzte Lesezeit\" \/>\n\t<meta name=\"twitter:data1\" content=\"2\u00a0Minuten\" \/>\n<script type=\"application\/ld+json\" class=\"yoast-schema-graph\">{\"@context\":\"https:\/\/schema.org\",\"@graph\":[{\"@type\":\"WebPage\",\"@id\":\"https:\/\/movewithme.ch\/classes\/creative-movement-2\/\",\"url\":\"https:\/\/movewithme.ch\/classes\/creative-movement-2\/\",\"name\":\"Kreatives Tanzen (Drei- bis F\u00fcnfj\u00e4hrige ohne Begleitung) &#8902; Move with me\",\"isPartOf\":{\"@id\":\"https:\/\/movewithme.ch\/#website\"},\"datePublished\":\"2017-04-17T07:29:42+00:00\",\"dateModified\":\"2025-06-15T16:01:06+00:00\",\"breadcrumb\":{\"@id\":\"https:\/\/movewithme.ch\/classes\/creative-movement-2\/#breadcrumb\"},\"inLanguage\":\"de\",\"potentialAction\":[{\"@type\":\"ReadAction\",\"target\":[\"https:\/\/movewithme.ch\/classes\/creative-movement-2\/\"]}]},{\"@type\":\"BreadcrumbList\",\"@id\":\"https:\/\/movewithme.ch\/classes\/creative-movement-2\/#breadcrumb\",\"itemListElement\":[{\"@type\":\"ListItem\",\"position\":1,\"name\":\"Startseite\",\"item\":\"https:\/\/movewithme.ch\/\"},{\"@type\":\"ListItem\",\"position\":2,\"name\":\"Classes\",\"item\":\"https:\/\/movewithme.ch\/classes\/\"},{\"@type\":\"ListItem\",\"position\":3,\"name\":\"Creative Movement (3-5 year olds un-parented)\"}]},{\"@type\":\"WebSite\",\"@id\":\"https:\/\/movewithme.ch\/#website\",\"url\":\"https:\/\/movewithme.ch\/\",\"name\":\"Move with me\",\"description\":\"\",\"potentialAction\":[{\"@type\":\"SearchAction\",\"target\":{\"@type\":\"EntryPoint\",\"urlTemplate\":\"https:\/\/movewithme.ch\/?s={search_term_string}\"},\"query-input\":{\"@type\":\"PropertyValueSpecification\",\"valueRequired\":true,\"valueName\":\"search_term_string\"}}],\"inLanguage\":\"de\"}]}<\/script>\n<!-- \/ Yoast SEO plugin. -->","yoast_head_json":{"title":"Kreatives Tanzen (Drei- bis F\u00fcnfj\u00e4hrige ohne Begleitung)  &#8902; Move with me","robots":{"index":"index","follow":"follow","max-snippet":"max-snippet:-1","max-image-preview":"max-image-preview:large","max-video-preview":"max-video-preview:-1"},"canonical":"https:\/\/movewithme.ch\/classes\/creative-movement-2\/","og_locale":"de_DE","og_type":"article","og_title":"Kreatives Tanzen (Drei- bis F\u00fcnfj\u00e4hrige ohne Begleitung)  &#8902; Move with me","og_url":"https:\/\/movewithme.ch\/classes\/creative-movement-2\/","og_site_name":"Move with me","article_publisher":"https:\/\/www.facebook.com\/movewithmeBasel\/","article_modified_time":"2025-06-15T16:01:06+00:00","twitter_card":"summary_large_image","twitter_misc":{"Gesch\u00e4tzte Lesezeit":"2\u00a0Minuten"},"schema":{"@context":"https:\/\/schema.org","@graph":[{"@type":"WebPage","@id":"https:\/\/movewithme.ch\/classes\/creative-movement-2\/","url":"https:\/\/movewithme.ch\/classes\/creative-movement-2\/","name":"Kreatives Tanzen (Drei- bis F\u00fcnfj\u00e4hrige ohne Begleitung) &#8902; Move with me","isPartOf":{"@id":"https:\/\/movewithme.ch\/#website"},"datePublished":"2017-04-17T07:29:42+00:00","dateModified":"2025-06-15T16:01:06+00:00","breadcrumb":{"@id":"https:\/\/movewithme.ch\/classes\/creative-movement-2\/#breadcrumb"},"inLanguage":"de","potentialAction":[{"@type":"ReadAction","target":["https:\/\/movewithme.ch\/classes\/creative-movement-2\/"]}]},{"@type":"BreadcrumbList","@id":"https:\/\/movewithme.ch\/classes\/creative-movement-2\/#breadcrumb","itemListElement":[{"@type":"ListItem","position":1,"name":"Startseite","item":"https:\/\/movewithme.ch\/"},{"@type":"ListItem","position":2,"name":"Classes","item":"https:\/\/movewithme.ch\/classes\/"},{"@type":"ListItem","position":3,"name":"Creative Movement (3-5 year olds un-parented)"}]},{"@type":"WebSite","@id":"https:\/\/movewithme.ch\/#website","url":"https:\/\/movewithme.ch\/","name":"Move with me","description":"","potentialAction":[{"@type":"SearchAction","target":{"@type":"EntryPoint","urlTemplate":"https:\/\/movewithme.ch\/?s={search_term_string}"},"query-input":{"@type":"PropertyValueSpecification","valueRequired":true,"valueName":"search_term_string"}}],"inLanguage":"de"}]}},"_links":{"self":[{"href":"https:\/\/movewithme.ch\/de\/wp-json\/wp\/v2\/pages\/88","targetHints":{"allow":["GET"]}}],"collection":[{"href":"https:\/\/movewithme.ch\/de\/wp-json\/wp\/v2\/pages"}],"about":[{"href":"https:\/\/movewithme.ch\/de\/wp-json\/wp\/v2\/types\/page"}],"author":[{"embeddable":true,"href":"https:\/\/movewithme.ch\/de\/wp-json\/wp\/v2\/users\/1"}],"replies":[{"embeddable":true,"href":"https:\/\/movewithme.ch\/de\/wp-json\/wp\/v2\/comments?post=88"}],"version-history":[{"count":98,"href":"https:\/\/movewithme.ch\/de\/wp-json\/wp\/v2\/pages\/88\/revisions"}],"predecessor-version":[{"id":1544,"href":"https:\/\/movewithme.ch\/de\/wp-json\/wp\/v2\/pages\/88\/revisions\/1544"}],"up":[{"embeddable":true,"href":"https:\/\/movewithme.ch\/de\/wp-json\/wp\/v2\/pages\/14"}],"wp:attachment":[{"href":"https:\/\/movewithme.ch\/de\/wp-json\/wp\/v2\/media?parent=88"}],"curies":[{"name":"wp","href":"https:\/\/api.w.org\/{rel}","templated":true}]}}